{"id":822,"date":"2025-09-07T12:00:35","date_gmt":"2025-09-07T10:00:35","guid":{"rendered":"https:\/\/www.bouclestonnevillaises.fr\/?page_id=822"},"modified":"2025-09-07T15:38:31","modified_gmt":"2025-09-07T13:38:31","slug":"participer","status":"publish","type":"page","link":"https:\/\/www.bouclestonnevillaises.fr\/index.php\/participer\/","title":{"rendered":"Participer"},"content":{"rendered":"\t\t<div data-elementor-type=\"wp-page\" data-elementor-id=\"822\" class=\"elementor elementor-822\">\n\t\t\t\t<div class=\"elementor-element elementor-element-08ff375 e-flex e-con-boxed e-con e-parent\" data-id=\"08ff375\" data-element_type=\"container\" data-e-type=\"container\" data-settings=\"{&quot;background_background&quot;:&quot;classic&quot;,&quot;_ha_eqh_enable&quot;:false}\">\n\t\t\t\t\t<div class=\"e-con-inner\">\n\t\t<div class=\"elementor-element elementor-element-d7b26e4 e-con-full elementor-hidden-mobile e-flex e-con e-child\" data-id=\"d7b26e4\" data-element_type=\"container\" data-e-type=\"container\" data-settings=\"{&quot;_ha_eqh_enable&quot;:false}\">\n\t\t\t\t<div class=\"elementor-element elementor-element-d2f7ac1 elementor-widget elementor-widget-image\" data-id=\"d2f7ac1\" data-element_type=\"widget\" data-e-type=\"widget\" data-widget_type=\"image.default\">\n\t\t\t\t\t\t\t\t\t\t\t\t\t\t\t\t<a href=\"https:\/\/www.bouclestonnevillaises.fr\/\">\n\t\t\t\t\t\t\t<img decoding=\"async\" src=\"https:\/\/www.bouclestonnevillaises.fr\/wp-content\/uploads\/elementor\/thumbs\/Logo_site-rbeek21aaq5l1kukpn2zaav9xxkjpx4n3fznv9qswg.png\" title=\"Logo_site\" alt=\"Une basket jaune: c&#039;est les Boucles Tonnevillaises\" class=\"elementor-animation-grow-rotate\" loading=\"lazy\" \/>\t\t\t\t\t\t\t\t<\/a>\n\t\t\t\t\t\t\t\t\t\t\t\t\t\t\t<\/div>\n\t\t\t\t<\/div>\n\t\t<div class=\"elementor-element elementor-element-fa0675f e-con-full e-flex e-con e-child\" data-id=\"fa0675f\" data-element_type=\"container\" data-e-type=\"container\" data-settings=\"{&quot;_ha_eqh_enable&quot;:false}\">\n\t\t\t\t<div class=\"elementor-element elementor-element-0036045 elementor-widget elementor-widget-heading\" data-id=\"0036045\" data-element_type=\"widget\" data-e-type=\"widget\" data-widget_type=\"heading.default\">\n\t\t\t\t\t<h1 class=\"elementor-heading-title elementor-size-default\">Inscription<\/h1>\t\t\t\t<\/div>\n\t\t\t\t<div class=\"elementor-element elementor-element-603b1d3 elementor-widget elementor-widget-text-editor\" data-id=\"603b1d3\" data-element_type=\"widget\" data-e-type=\"widget\" data-widget_type=\"text-editor.default\">\n\t\t\t\t\t\t\t\t\t<p>Tout ce qu&rsquo;il faut savoir pour passer une bonne journ\u00e9e<\/p>\t\t\t\t\t\t\t\t<\/div>\n\t\t\t\t<\/div>\n\t\t<div class=\"elementor-element elementor-element-56330c6 e-con-full e-flex e-con e-child\" data-id=\"56330c6\" data-element_type=\"container\" data-e-type=\"container\" data-settings=\"{&quot;_ha_eqh_enable&quot;:false}\">\n\t\t\t\t<div class=\"elementor-element elementor-element-a27a8d2 elementor-widget elementor-widget-image\" data-id=\"a27a8d2\" data-element_type=\"widget\" data-e-type=\"widget\" data-widget_type=\"image.default\">\n\t\t\t\t\t\t\t\t\t\t\t\t\t\t\t<img fetchpriority=\"high\" decoding=\"async\" width=\"290\" height=\"200\" src=\"https:\/\/www.bouclestonnevillaises.fr\/wp-content\/uploads\/2025\/09\/Inscription_icone.png\" class=\"attachment-full size-full wp-image-824\" alt=\"S&#039;inscrire aux Boucles Tonnevillaises pour se vider l&#039;esprit et passer un bon moment nature\" \/>\t\t\t\t\t\t\t\t\t\t\t\t\t\t\t<\/div>\n\t\t\t\t<\/div>\n\t\t\t\t\t<\/div>\n\t\t\t\t<\/div>\n\t\t<div class=\"elementor-element elementor-element-019d86a e-flex e-con-boxed e-con e-parent\" data-id=\"019d86a\" data-element_type=\"container\" data-e-type=\"container\" data-settings=\"{&quot;background_background&quot;:&quot;classic&quot;,&quot;_ha_eqh_enable&quot;:&quot;yes&quot;,&quot;_ha_eqh_widget&quot;:[&quot;text-editor&quot;],&quot;_ha_eqh_to&quot;:&quot;widget&quot;,&quot;_ha_eqh_disable_on_mobile&quot;:&quot;yes&quot;}\">\n\t\t\t\t\t<div class=\"e-con-inner\">\n\t\t<div class=\"elementor-element elementor-element-5eb6046 e-con-full e-flex e-con e-child\" data-id=\"5eb6046\" data-element_type=\"container\" data-e-type=\"container\" data-settings=\"{&quot;_ha_eqh_enable&quot;:false}\">\n\t\t<div class=\"elementor-element elementor-element-94cbb99 e-con-full e-flex e-con e-child\" data-id=\"94cbb99\" data-element_type=\"container\" data-e-type=\"container\" data-settings=\"{&quot;background_background&quot;:&quot;classic&quot;,&quot;_ha_eqh_enable&quot;:false}\">\n\t\t<div class=\"elementor-element elementor-element-e8bede4 e-con-full e-flex e-con e-child\" data-id=\"e8bede4\" data-element_type=\"container\" data-e-type=\"container\" data-settings=\"{&quot;_ha_eqh_enable&quot;:false}\">\n\t\t\t\t<div class=\"elementor-element elementor-element-1340e4d elementor-widget elementor-widget-image\" data-id=\"1340e4d\" data-element_type=\"widget\" data-e-type=\"widget\" data-widget_type=\"image.default\">\n\t\t\t\t\t\t\t\t\t\t\t\t\t\t\t<img decoding=\"async\" width=\"150\" height=\"150\" src=\"https:\/\/www.bouclestonnevillaises.fr\/wp-content\/uploads\/2025\/09\/Trailer-150x150.png\" class=\"attachment-thumbnail size-thumbnail wp-image-780\" alt=\"D\u00e9passe toi sur les Boucles Tonnevillaises\" srcset=\"https:\/\/www.bouclestonnevillaises.fr\/wp-content\/uploads\/2025\/09\/Trailer-150x150.png 150w, https:\/\/www.bouclestonnevillaises.fr\/wp-content\/uploads\/2025\/09\/Trailer.png 300w\" sizes=\"(max-width: 150px) 100vw, 150px\" \/>\t\t\t\t\t\t\t\t\t\t\t\t\t\t\t<\/div>\n\t\t\t\t<\/div>\n\t\t<div class=\"elementor-element elementor-element-d099385 e-con-full e-flex e-con e-child\" data-id=\"d099385\" data-element_type=\"container\" data-e-type=\"container\" data-settings=\"{&quot;_ha_eqh_enable&quot;:false}\">\n\t\t\t\t<div class=\"elementor-element elementor-element-f8088c7 elementor-widget elementor-widget-heading\" data-id=\"f8088c7\" data-element_type=\"widget\" data-e-type=\"widget\" data-widget_type=\"heading.default\">\n\t\t\t\t\t<h1 class=\"elementor-heading-title elementor-size-default\">Boucles trail<\/h1>\t\t\t\t<\/div>\n\t\t\t\t<div class=\"elementor-element elementor-element-3b71ea2 elementor-widget__width-initial elementor-widget elementor-widget-heading\" data-id=\"3b71ea2\" data-element_type=\"widget\" data-e-type=\"widget\" data-widget_type=\"heading.default\">\n\t\t\t\t\t<h3 class=\"elementor-heading-title elementor-size-default\">De 9h \u00e0 12h<\/h3>\t\t\t\t<\/div>\n\t\t\t\t<\/div>\n\t\t\t\t<\/div>\n\t\t\t\t<\/div>\n\t\t<div class=\"elementor-element elementor-element-7c74b97 e-con-full e-flex e-con e-child\" data-id=\"7c74b97\" data-element_type=\"container\" data-e-type=\"container\" data-settings=\"{&quot;_ha_eqh_enable&quot;:false}\">\n\t\t<div class=\"elementor-element elementor-element-4b23221 e-con-full e-flex e-con e-child\" data-id=\"4b23221\" data-element_type=\"container\" data-e-type=\"container\" data-settings=\"{&quot;background_background&quot;:&quot;classic&quot;,&quot;_ha_eqh_enable&quot;:false}\">\n\t\t<div class=\"elementor-element elementor-element-b2993f0 e-con-full e-flex e-con e-child\" data-id=\"b2993f0\" data-element_type=\"container\" data-e-type=\"container\" data-settings=\"{&quot;_ha_eqh_enable&quot;:false}\">\n\t\t\t\t<div class=\"elementor-element elementor-element-34b4939 elementor-widget elementor-widget-image\" data-id=\"34b4939\" data-element_type=\"widget\" data-e-type=\"widget\" data-widget_type=\"image.default\">\n\t\t\t\t\t\t\t\t\t\t\t\t\t\t\t<img decoding=\"async\" width=\"150\" height=\"150\" src=\"https:\/\/www.bouclestonnevillaises.fr\/wp-content\/uploads\/2025\/09\/10km-150x150.png\" class=\"attachment-thumbnail size-thumbnail wp-image-781\" alt=\"A fond pour le 1km des Boucles Tonnevillaises\" srcset=\"https:\/\/www.bouclestonnevillaises.fr\/wp-content\/uploads\/2025\/09\/10km-150x150.png 150w, https:\/\/www.bouclestonnevillaises.fr\/wp-content\/uploads\/2025\/09\/10km.png 300w\" sizes=\"(max-width: 150px) 100vw, 150px\" \/>\t\t\t\t\t\t\t\t\t\t\t\t\t\t\t<\/div>\n\t\t\t\t<\/div>\n\t\t<div class=\"elementor-element elementor-element-e7a212c e-con-full e-flex e-con e-child\" data-id=\"e7a212c\" data-element_type=\"container\" data-e-type=\"container\" data-settings=\"{&quot;_ha_eqh_enable&quot;:false}\">\n\t\t\t\t<div class=\"elementor-element elementor-element-61ba1f6 elementor-widget elementor-widget-heading\" data-id=\"61ba1f6\" data-element_type=\"widget\" data-e-type=\"widget\" data-widget_type=\"heading.default\">\n\t\t\t\t\t<h1 class=\"elementor-heading-title elementor-size-default\">10km<\/h1>\t\t\t\t<\/div>\n\t\t\t\t<div class=\"elementor-element elementor-element-0b722b1 elementor-widget__width-initial elementor-widget elementor-widget-heading\" data-id=\"0b722b1\" data-element_type=\"widget\" data-e-type=\"widget\" data-widget_type=\"heading.default\">\n\t\t\t\t\t<h3 class=\"elementor-heading-title elementor-size-default\">D\u00e9part 10h30<\/h3>\t\t\t\t<\/div>\n\t\t\t\t<\/div>\n\t\t\t\t<\/div>\n\t\t\t\t<\/div>\n\t\t<div class=\"elementor-element elementor-element-6ee7900 e-con-full e-flex e-con e-child\" data-id=\"6ee7900\" data-element_type=\"container\" data-e-type=\"container\" data-settings=\"{&quot;_ha_eqh_enable&quot;:false}\">\n\t\t<div class=\"elementor-element elementor-element-a6dc3f8 e-con-full e-flex e-con e-child\" data-id=\"a6dc3f8\" data-element_type=\"container\" data-e-type=\"container\" data-settings=\"{&quot;background_background&quot;:&quot;classic&quot;,&quot;_ha_eqh_enable&quot;:false}\">\n\t\t<div class=\"elementor-element elementor-element-14fbc5b e-con-full e-flex e-con e-child\" data-id=\"14fbc5b\" data-element_type=\"container\" data-e-type=\"container\" data-settings=\"{&quot;_ha_eqh_enable&quot;:false}\">\n\t\t\t\t<div class=\"elementor-element elementor-element-61fea9a elementor-widget elementor-widget-image\" data-id=\"61fea9a\" data-element_type=\"widget\" data-e-type=\"widget\" data-widget_type=\"image.default\">\n\t\t\t\t\t\t\t\t\t\t\t\t\t\t\t<img loading=\"lazy\" decoding=\"async\" width=\"150\" height=\"150\" src=\"https:\/\/www.bouclestonnevillaises.fr\/wp-content\/uploads\/2025\/09\/Marcheur-150x150.png\" class=\"attachment-thumbnail size-thumbnail wp-image-782\" alt=\"Les Boucles Tonnevillaises, c&#039;est une marche familiale de 9h \u00e0 12h\" srcset=\"https:\/\/www.bouclestonnevillaises.fr\/wp-content\/uploads\/2025\/09\/Marcheur-150x150.png 150w, https:\/\/www.bouclestonnevillaises.fr\/wp-content\/uploads\/2025\/09\/Marcheur.png 300w\" sizes=\"(max-width: 150px) 100vw, 150px\" \/>\t\t\t\t\t\t\t\t\t\t\t\t\t\t\t<\/div>\n\t\t\t\t<\/div>\n\t\t<div class=\"elementor-element elementor-element-7779660 e-con-full e-flex e-con e-child\" data-id=\"7779660\" data-element_type=\"container\" data-e-type=\"container\" data-settings=\"{&quot;_ha_eqh_enable&quot;:false}\">\n\t\t\t\t<div class=\"elementor-element elementor-element-a1916d6 elementor-widget elementor-widget-heading\" data-id=\"a1916d6\" data-element_type=\"widget\" data-e-type=\"widget\" data-widget_type=\"heading.default\">\n\t\t\t\t\t<h1 class=\"elementor-heading-title elementor-size-default\">Marche<\/h1>\t\t\t\t<\/div>\n\t\t\t\t<div class=\"elementor-element elementor-element-42c6992 elementor-widget__width-initial elementor-widget elementor-widget-heading\" data-id=\"42c6992\" data-element_type=\"widget\" data-e-type=\"widget\" data-widget_type=\"heading.default\">\n\t\t\t\t\t<h3 class=\"elementor-heading-title elementor-size-default\">De 9h \u00e0 12h<\/h3>\t\t\t\t<\/div>\n\t\t\t\t<\/div>\n\t\t\t\t<\/div>\n\t\t\t\t<\/div>\n\t\t\t\t\t<\/div>\n\t\t\t\t<\/div>\n\t\t<div class=\"elementor-element elementor-element-0981dce e-flex e-con-boxed e-con e-parent\" data-id=\"0981dce\" data-element_type=\"container\" data-e-type=\"container\" data-settings=\"{&quot;_ha_eqh_enable&quot;:false}\">\n\t\t\t\t\t<div class=\"e-con-inner\">\n\t\t\t\t<div class=\"elementor-element elementor-element-a19bf3d elementor-widget elementor-widget-heading\" data-id=\"a19bf3d\" data-element_type=\"widget\" data-e-type=\"widget\" data-widget_type=\"heading.default\">\n\t\t\t\t\t<h4 class=\"elementor-heading-title elementor-size-default\">Ton inscription est 100% s\u00e9curis\u00e9e via HelloAsso \u2013 moins de 2 minutes !<\/h4>\t\t\t\t<\/div>\n\t\t\t\t\t<\/div>\n\t\t\t\t<\/div>\n\t\t<div class=\"elementor-element elementor-element-1e5f2a9 e-con-full e-flex e-con e-child\" data-id=\"1e5f2a9\" data-element_type=\"container\" data-e-type=\"container\" data-settings=\"{&quot;_ha_eqh_enable&quot;:false}\">\n\t\t<div class=\"elementor-element elementor-element-2e4d25f e-con-full e-flex e-con e-child\" data-id=\"2e4d25f\" data-element_type=\"container\" data-e-type=\"container\" data-settings=\"{&quot;_ha_eqh_enable&quot;:false}\">\n\t\t\t\t<div class=\"elementor-element elementor-element-8ee9ef7 elementor-widget elementor-widget-text-editor\" data-id=\"8ee9ef7\" data-element_type=\"widget\" data-e-type=\"widget\" data-widget_type=\"text-editor.default\">\n\t\t\t\t\t\t\t\t\t<p>Si tu ne vois pas le module d&rsquo;inscription HelloAsso ci-dessous, cliques directement sur le ce lien:<\/p>\t\t\t\t\t\t\t\t<\/div>\n\t\t\t\t<\/div>\n\t\t<div class=\"elementor-element elementor-element-c86554d e-con-full e-flex e-con e-child\" data-id=\"c86554d\" data-element_type=\"container\" data-e-type=\"container\" data-settings=\"{&quot;_ha_eqh_enable&quot;:false}\">\n\t\t\t\t<div class=\"elementor-element elementor-element-7c8b727 elementor-align-right elementor-widget elementor-widget-button\" data-id=\"7c8b727\" data-element_type=\"widget\" data-e-type=\"widget\" data-widget_type=\"button.default\">\n\t\t\t\t\t\t\t\t\t\t<a class=\"elementor-button elementor-button-link elementor-size-sm\" href=\"https:\/\/www.helloasso.com\/associations\/cooperative-scolaire-de-tonneville\/evenements\/les-boucles-tonnevillaises-2025\" target=\"_blank\">\n\t\t\t\t\t\t<span class=\"elementor-button-content-wrapper\">\n\t\t\t\t\t\t\t\t\t<span class=\"elementor-button-text\">HelloAsso<\/span>\n\t\t\t\t\t<\/span>\n\t\t\t\t\t<\/a>\n\t\t\t\t\t\t\t\t<\/div>\n\t\t\t\t<\/div>\n\t\t\t\t<\/div>\n\t\t<div class=\"elementor-element elementor-element-c705b66 e-flex e-con-boxed e-con e-parent\" data-id=\"c705b66\" data-element_type=\"container\" data-e-type=\"container\" data-settings=\"{&quot;_ha_eqh_enable&quot;:false}\">\n\t\t\t\t\t<div class=\"e-con-inner\">\n\t\t\t\t<div class=\"elementor-element elementor-element-1648290 elementor-widget elementor-widget-html\" data-id=\"1648290\" data-element_type=\"widget\" data-e-type=\"widget\" data-widget_type=\"html.default\">\n\t\t\t\t\t\t\t\t<iframe\n\t\t\t\tid=\"idIframe\"\n\t\t\t\tsrc=\"https:\/\/www.helloasso.com\/associations\/cooperative-scolaire-de-tonneville\/evenements\/les-boucles-tonnevillaises-2025\/widget\"\n\t\t\t\theight=750px\"\t\t\t\twidth=100%\"\t\t\t\tframeborder=\"0\"\n\t\t\t\tloading=\"lazy\"\n\t\t\t\tallowtransparency=\"true\"\n\t\t\t\tonload=\"resizeIframeMessage()\"><\/iframe>\n\t\t\t\t<\/div>\n\t\t\t\t\t<\/div>\n\t\t\t\t<\/div>\n\t\t\t\t<\/div>\n\t\t","protected":false},"excerpt":{"rendered":"<p>Inscription Tout ce qu&rsquo;il faut savoir pour passer une bonne journ\u00e9e Boucles trail De 9h \u00e0 12h 10km D\u00e9part 10h30 Marche De 9h \u00e0 12h Ton inscription est 100% s\u00e9curis\u00e9e via HelloAsso \u2013 moins de 2 minutes ! Si tu ne vois pas le module d&rsquo;inscription HelloAsso ci-dessous, cliques directement sur le ce lien: HelloAsso<\/p>\n","protected":false},"author":1,"featured_media":0,"parent":0,"menu_order":0,"comment_status":"closed","ping_status":"closed","template":"elementor_header_footer","meta":{"footnotes":""},"class_list":["post-822","page","type-page","status-publish","hentry"],"yoast_head":"<!-- This site is optimized with the Yoast SEO plugin v27.1.1 - https:\/\/yoast.com\/product\/yoast-seo-wordpress\/ -->\n<title>Inscription Boucles Tonnevillaises: Viens te d\u00e9passer - Les boucles Tonnevillaises<\/title>\n<meta name=\"description\" content=\"Inscription Boucles Tonnevillaises : trail, course nature et marche \u00e0 Tonneville dans la Manche. R\u00e9servez votre dossard en ligne d\u00e8s aujourd\u2019hui.\" \/>\n<meta name=\"robots\" content=\"index, follow, max-snippet:-1, max-image-preview:large, max-video-preview:-1\" \/>\n<link rel=\"canonical\" href=\"https:\/\/www.bouclestonnevillaises.fr\/index.php\/participer\/\" \/>\n<meta property=\"og:locale\" content=\"fr_FR\" \/>\n<meta property=\"og:type\" content=\"article\" \/>\n<meta property=\"og:title\" content=\"Inscription pour les Boucles Tonnevillaises\" \/>\n<meta property=\"og:description\" content=\"Inscriptions ouvertes pour les Boucles Tonnevillaises \u00e0 Tonneville ! Trail, course nature et marche dans la Manche : r\u00e9servez vite votre dossard en ligne.\" \/>\n<meta property=\"og:url\" content=\"https:\/\/www.bouclestonnevillaises.fr\/index.php\/participer\/\" \/>\n<meta property=\"og:site_name\" content=\"Les boucles Tonnevillaises\" \/>\n<meta property=\"article:publisher\" content=\"https:\/\/www.facebook.com\/bouclestonnevillaises\/\" \/>\n<meta property=\"article:modified_time\" content=\"2025-09-07T13:38:31+00:00\" \/>\n<meta property=\"og:image\" content=\"https:\/\/www.bouclestonnevillaises.fr\/wp-content\/uploads\/2025\/09\/Logo_site.png\" \/>\n\t<meta property=\"og:image:width\" content=\"800\" \/>\n\t<meta property=\"og:image:height\" content=\"800\" \/>\n\t<meta property=\"og:image:type\" content=\"image\/png\" \/>\n<meta name=\"twitter:card\" content=\"summary_large_image\" \/>\n<meta name=\"twitter:label1\" content=\"Dur\u00e9e de lecture estim\u00e9e\" \/>\n\t<meta name=\"twitter:data1\" content=\"2 minutes\" \/>\n<script type=\"application\/ld+json\" class=\"yoast-schema-graph\">{\"@context\":\"https:\/\/schema.org\",\"@graph\":[{\"@type\":[\"WebPage\",\"CheckoutPage\"],\"@id\":\"https:\/\/www.bouclestonnevillaises.fr\/index.php\/participer\/\",\"url\":\"https:\/\/www.bouclestonnevillaises.fr\/index.php\/participer\/\",\"name\":\"Inscription Boucles Tonnevillaises: Viens te d\u00e9passer - Les boucles Tonnevillaises\",\"isPartOf\":{\"@id\":\"https:\/\/www.bouclestonnevillaises.fr\/#website\"},\"primaryImageOfPage\":{\"@id\":\"https:\/\/www.bouclestonnevillaises.fr\/index.php\/participer\/#primaryimage\"},\"image\":{\"@id\":\"https:\/\/www.bouclestonnevillaises.fr\/index.php\/participer\/#primaryimage\"},\"thumbnailUrl\":\"https:\/\/www.bouclestonnevillaises.fr\/wp-content\/uploads\/elementor\/thumbs\/Logo_site-rbeek21aaq5l1kukpn2zaav9xxkjpx4n3fznv9qswg.png\",\"datePublished\":\"2025-09-07T10:00:35+00:00\",\"dateModified\":\"2025-09-07T13:38:31+00:00\",\"description\":\"Inscription Boucles Tonnevillaises : trail, course nature et marche \u00e0 Tonneville dans la Manche. R\u00e9servez votre dossard en ligne d\u00e8s aujourd\u2019hui.\",\"breadcrumb\":{\"@id\":\"https:\/\/www.bouclestonnevillaises.fr\/index.php\/participer\/#breadcrumb\"},\"inLanguage\":\"fr-FR\",\"potentialAction\":[{\"@type\":\"ReadAction\",\"target\":[\"https:\/\/www.bouclestonnevillaises.fr\/index.php\/participer\/\"]}]},{\"@type\":\"ImageObject\",\"inLanguage\":\"fr-FR\",\"@id\":\"https:\/\/www.bouclestonnevillaises.fr\/index.php\/participer\/#primaryimage\",\"url\":\"https:\/\/www.bouclestonnevillaises.fr\/wp-content\/uploads\/elementor\/thumbs\/Logo_site-rbeek21aaq5l1kukpn2zaav9xxkjpx4n3fznv9qswg.png\",\"contentUrl\":\"https:\/\/www.bouclestonnevillaises.fr\/wp-content\/uploads\/elementor\/thumbs\/Logo_site-rbeek21aaq5l1kukpn2zaav9xxkjpx4n3fznv9qswg.png\"},{\"@type\":\"BreadcrumbList\",\"@id\":\"https:\/\/www.bouclestonnevillaises.fr\/index.php\/participer\/#breadcrumb\",\"itemListElement\":[{\"@type\":\"ListItem\",\"position\":1,\"name\":\"Accueil\",\"item\":\"https:\/\/www.bouclestonnevillaises.fr\/\"},{\"@type\":\"ListItem\",\"position\":2,\"name\":\"Boucles Tonnevillaises > Inscription\"}]},{\"@type\":\"WebSite\",\"@id\":\"https:\/\/www.bouclestonnevillaises.fr\/#website\",\"url\":\"https:\/\/www.bouclestonnevillaises.fr\/\",\"name\":\"Les boucles Tonnevillaises\",\"description\":\"Les Boucles Tonnevillaises : trail et marche nature dans la Manche \u00e0 Tonneville\",\"publisher\":{\"@id\":\"https:\/\/www.bouclestonnevillaises.fr\/#organization\"},\"alternateName\":\"Boucles Tonnevillaises\",\"potentialAction\":[{\"@type\":\"SearchAction\",\"target\":{\"@type\":\"EntryPoint\",\"urlTemplate\":\"https:\/\/www.bouclestonnevillaises.fr\/?s={search_term_string}\"},\"query-input\":{\"@type\":\"PropertyValueSpecification\",\"valueRequired\":true,\"valueName\":\"search_term_string\"}}],\"inLanguage\":\"fr-FR\"},{\"@type\":\"Organization\",\"@id\":\"https:\/\/www.bouclestonnevillaises.fr\/#organization\",\"name\":\"Coop\u00e9rative Scolaire de Tonneville\",\"alternateName\":\"Boucles Tonnevillaises\",\"url\":\"https:\/\/www.bouclestonnevillaises.fr\/\",\"logo\":{\"@type\":\"ImageObject\",\"inLanguage\":\"fr-FR\",\"@id\":\"https:\/\/www.bouclestonnevillaises.fr\/#\/schema\/logo\/image\/\",\"url\":\"https:\/\/www.bouclestonnevillaises.fr\/wp-content\/uploads\/2025\/09\/Logo_site.png\",\"contentUrl\":\"https:\/\/www.bouclestonnevillaises.fr\/wp-content\/uploads\/2025\/09\/Logo_site.png\",\"width\":800,\"height\":800,\"caption\":\"Coop\u00e9rative Scolaire de Tonneville\"},\"image\":{\"@id\":\"https:\/\/www.bouclestonnevillaises.fr\/#\/schema\/logo\/image\/\"},\"sameAs\":[\"https:\/\/www.facebook.com\/bouclestonnevillaises\/\",\"https:\/\/www.instagram.com\/bouclestonnevillaises\/\"]}]}<\/script>\n<!-- \/ Yoast SEO plugin. -->","yoast_head_json":{"title":"Inscription Boucles Tonnevillaises: Viens te d\u00e9passer - Les boucles Tonnevillaises","description":"Inscription Boucles Tonnevillaises : trail, course nature et marche \u00e0 Tonneville dans la Manche. R\u00e9servez votre dossard en ligne d\u00e8s aujourd\u2019hui.","robots":{"index":"index","follow":"follow","max-snippet":"max-snippet:-1","max-image-preview":"max-image-preview:large","max-video-preview":"max-video-preview:-1"},"canonical":"https:\/\/www.bouclestonnevillaises.fr\/index.php\/participer\/","og_locale":"fr_FR","og_type":"article","og_title":"Inscription pour les Boucles Tonnevillaises","og_description":"Inscriptions ouvertes pour les Boucles Tonnevillaises \u00e0 Tonneville ! Trail, course nature et marche dans la Manche : r\u00e9servez vite votre dossard en ligne.","og_url":"https:\/\/www.bouclestonnevillaises.fr\/index.php\/participer\/","og_site_name":"Les boucles Tonnevillaises","article_publisher":"https:\/\/www.facebook.com\/bouclestonnevillaises\/","article_modified_time":"2025-09-07T13:38:31+00:00","og_image":[{"width":800,"height":800,"url":"https:\/\/www.bouclestonnevillaises.fr\/wp-content\/uploads\/2025\/09\/Logo_site.png","type":"image\/png"}],"twitter_card":"summary_large_image","twitter_misc":{"Dur\u00e9e de lecture estim\u00e9e":"2 minutes"},"schema":{"@context":"https:\/\/schema.org","@graph":[{"@type":["WebPage","CheckoutPage"],"@id":"https:\/\/www.bouclestonnevillaises.fr\/index.php\/participer\/","url":"https:\/\/www.bouclestonnevillaises.fr\/index.php\/participer\/","name":"Inscription Boucles Tonnevillaises: Viens te d\u00e9passer - Les boucles Tonnevillaises","isPartOf":{"@id":"https:\/\/www.bouclestonnevillaises.fr\/#website"},"primaryImageOfPage":{"@id":"https:\/\/www.bouclestonnevillaises.fr\/index.php\/participer\/#primaryimage"},"image":{"@id":"https:\/\/www.bouclestonnevillaises.fr\/index.php\/participer\/#primaryimage"},"thumbnailUrl":"https:\/\/www.bouclestonnevillaises.fr\/wp-content\/uploads\/elementor\/thumbs\/Logo_site-rbeek21aaq5l1kukpn2zaav9xxkjpx4n3fznv9qswg.png","datePublished":"2025-09-07T10:00:35+00:00","dateModified":"2025-09-07T13:38:31+00:00","description":"Inscription Boucles Tonnevillaises : trail, course nature et marche \u00e0 Tonneville dans la Manche. R\u00e9servez votre dossard en ligne d\u00e8s aujourd\u2019hui.","breadcrumb":{"@id":"https:\/\/www.bouclestonnevillaises.fr\/index.php\/participer\/#breadcrumb"},"inLanguage":"fr-FR","potentialAction":[{"@type":"ReadAction","target":["https:\/\/www.bouclestonnevillaises.fr\/index.php\/participer\/"]}]},{"@type":"ImageObject","inLanguage":"fr-FR","@id":"https:\/\/www.bouclestonnevillaises.fr\/index.php\/participer\/#primaryimage","url":"https:\/\/www.bouclestonnevillaises.fr\/wp-content\/uploads\/elementor\/thumbs\/Logo_site-rbeek21aaq5l1kukpn2zaav9xxkjpx4n3fznv9qswg.png","contentUrl":"https:\/\/www.bouclestonnevillaises.fr\/wp-content\/uploads\/elementor\/thumbs\/Logo_site-rbeek21aaq5l1kukpn2zaav9xxkjpx4n3fznv9qswg.png"},{"@type":"BreadcrumbList","@id":"https:\/\/www.bouclestonnevillaises.fr\/index.php\/participer\/#breadcrumb","itemListElement":[{"@type":"ListItem","position":1,"name":"Accueil","item":"https:\/\/www.bouclestonnevillaises.fr\/"},{"@type":"ListItem","position":2,"name":"Boucles Tonnevillaises > Inscription"}]},{"@type":"WebSite","@id":"https:\/\/www.bouclestonnevillaises.fr\/#website","url":"https:\/\/www.bouclestonnevillaises.fr\/","name":"Les boucles Tonnevillaises","description":"Les Boucles Tonnevillaises : trail et marche nature dans la Manche \u00e0 Tonneville","publisher":{"@id":"https:\/\/www.bouclestonnevillaises.fr\/#organization"},"alternateName":"Boucles Tonnevillaises","potentialAction":[{"@type":"SearchAction","target":{"@type":"EntryPoint","urlTemplate":"https:\/\/www.bouclestonnevillaises.fr\/?s={search_term_string}"},"query-input":{"@type":"PropertyValueSpecification","valueRequired":true,"valueName":"search_term_string"}}],"inLanguage":"fr-FR"},{"@type":"Organization","@id":"https:\/\/www.bouclestonnevillaises.fr\/#organization","name":"Coop\u00e9rative Scolaire de Tonneville","alternateName":"Boucles Tonnevillaises","url":"https:\/\/www.bouclestonnevillaises.fr\/","logo":{"@type":"ImageObject","inLanguage":"fr-FR","@id":"https:\/\/www.bouclestonnevillaises.fr\/#\/schema\/logo\/image\/","url":"https:\/\/www.bouclestonnevillaises.fr\/wp-content\/uploads\/2025\/09\/Logo_site.png","contentUrl":"https:\/\/www.bouclestonnevillaises.fr\/wp-content\/uploads\/2025\/09\/Logo_site.png","width":800,"height":800,"caption":"Coop\u00e9rative Scolaire de Tonneville"},"image":{"@id":"https:\/\/www.bouclestonnevillaises.fr\/#\/schema\/logo\/image\/"},"sameAs":["https:\/\/www.facebook.com\/bouclestonnevillaises\/","https:\/\/www.instagram.com\/bouclestonnevillaises\/"]}]}},"_links":{"self":[{"href":"https:\/\/www.bouclestonnevillaises.fr\/index.php\/wp-json\/wp\/v2\/pages\/822","targetHints":{"allow":["GET"]}}],"collection":[{"href":"https:\/\/www.bouclestonnevillaises.fr\/index.php\/wp-json\/wp\/v2\/pages"}],"about":[{"href":"https:\/\/www.bouclestonnevillaises.fr\/index.php\/wp-json\/wp\/v2\/types\/page"}],"author":[{"embeddable":true,"href":"https:\/\/www.bouclestonnevillaises.fr\/index.php\/wp-json\/wp\/v2\/users\/1"}],"replies":[{"embeddable":true,"href":"https:\/\/www.bouclestonnevillaises.fr\/index.php\/wp-json\/wp\/v2\/comments?post=822"}],"version-history":[{"count":10,"href":"https:\/\/www.bouclestonnevillaises.fr\/index.php\/wp-json\/wp\/v2\/pages\/822\/revisions"}],"predecessor-version":[{"id":962,"href":"https:\/\/www.bouclestonnevillaises.fr\/index.php\/wp-json\/wp\/v2\/pages\/822\/revisions\/962"}],"wp:attachment":[{"href":"https:\/\/www.bouclestonnevillaises.fr\/index.php\/wp-json\/wp\/v2\/media?parent=822"}],"curies":[{"name":"wp","href":"https:\/\/api.w.org\/{rel}","templated":true}]}}